{"id":112,"date":"2025-01-27T07:59:18","date_gmt":"2025-01-27T07:59:18","guid":{"rendered":"https:\/\/zenshof.info\/?page_id=112"},"modified":"2025-01-28T19:35:28","modified_gmt":"2025-01-28T19:35:28","slug":"zenshof-wiess","status":"publish","type":"page","link":"https:\/\/zenshof.info\/index.php\/zenshof-wiess\/","title":{"rendered":"Zenshof Wiess"},"content":{"rendered":"\t\t<div data-elementor-type=\"wp-page\" data-elementor-id=\"112\" class=\"elementor elementor-112\" data-elementor-post-type=\"page\">\n\t\t\t\t<div class=\"elementor-element elementor-element-5d2929e e-flex e-con-boxed e-con e-parent\" data-id=\"5d2929e\" data-element_type=\"container\">\n\t\t\t\t\t<div class=\"e-con-inner\">\n\t\t\t\t<div class=\"elementor-element elementor-element-15e126e elementor-widget elementor-widget-image\" data-id=\"15e126e\" data-element_type=\"widget\" data-widget_type=\"image.default\">\n\t\t\t\t<div class=\"elementor-widget-container\">\n\t\t\t\t\t\t\t\t\t\t\t\t\t\t\t<img fetchpriority=\"high\" decoding=\"async\" width=\"1024\" height=\"155\" src=\"https:\/\/zenshof.info\/wp-content\/uploads\/2025\/01\/Unbenannt-1-1024x155.jpg\" class=\"attachment-large size-large wp-image-16\" alt=\"\" srcset=\"https:\/\/zenshof.info\/wp-content\/uploads\/2025\/01\/Unbenannt-1-1024x155.jpg 1024w, https:\/\/zenshof.info\/wp-content\/uploads\/2025\/01\/Unbenannt-1-300x45.jpg 300w, https:\/\/zenshof.info\/wp-content\/uploads\/2025\/01\/Unbenannt-1-768x116.jpg 768w, https:\/\/zenshof.info\/wp-content\/uploads\/2025\/01\/Unbenannt-1-1536x233.jpg 1536w, https:\/\/zenshof.info\/wp-content\/uploads\/2025\/01\/Unbenannt-1-2048x310.jpg 2048w\" sizes=\"(max-width: 1024px) 100vw, 1024px\" \/>\t\t\t\t\t\t\t\t\t\t\t\t\t\t\t<\/div>\n\t\t\t\t<\/div>\n\t\t\t\t\t<\/div>\n\t\t\t\t<\/div>\n\t\t<div class=\"elementor-element elementor-element-c2e8d71 e-flex e-con-boxed e-con e-parent\" data-id=\"c2e8d71\" data-element_type=\"container\">\n\t\t\t\t\t<div class=\"e-con-inner\">\n\t\t\t\t<div class=\"elementor-element elementor-element-d1f3f49 elementor-nav-menu__align-center elementor-nav-menu--dropdown-tablet elementor-nav-menu__text-align-aside elementor-nav-menu--toggle elementor-nav-menu--burger elementor-widget elementor-widget-global elementor-global-96 elementor-widget-nav-menu\" data-id=\"d1f3f49\" data-element_type=\"widget\" data-settings=\"{&quot;layout&quot;:&quot;horizontal&quot;,&quot;submenu_icon&quot;:{&quot;value&quot;:&quot;fas fa-caret-down&quot;,&quot;library&quot;:&quot;fa-solid&quot;},&quot;toggle&quot;:&quot;burger&quot;}\" data-widget_type=\"nav-menu.default\">\n\t\t\t\t<div class=\"elementor-widget-container\">\n\t\t\t\t\t\t\t\t<nav aria-label=\"Men\u00fc\" class=\"elementor-nav-menu--main elementor-nav-menu__container elementor-nav-menu--layout-horizontal e--pointer-underline e--animation-fade\">\n\t\t\t\t<ul id=\"menu-1-d1f3f49\" class=\"elementor-nav-menu\"><li class=\"menu-item menu-item-type-post_type menu-item-object-page menu-item-home menu-item-103 wp-menu-img wp-menu-img-before\"><a href=\"https:\/\/zenshof.info\/\" class=\"elementor-item\"><img loading=\"lazy\" decoding=\"async\" width=\"25\" height=\"25\" src=\"https:\/\/zenshof.info\/wp-content\/uploads\/2025\/01\/Zenshof_Logo-1-150x150.png\" class=\"attachment-25x25 size-25x25\" alt=\"Zenshof_Logo-1.png\" loading=\"lazy\" \/><span>Start<\/span><\/a><\/li>\n<li class=\"menu-item menu-item-type-post_type menu-item-object-page menu-item-121 wp-menu-img wp-menu-img-before\"><a href=\"https:\/\/zenshof.info\/index.php\/zenshof-wiess\/\" class=\"elementor-item\"><img loading=\"lazy\" decoding=\"async\" width=\"25\" height=\"25\" src=\"https:\/\/zenshof.info\/wp-content\/uploads\/2025\/01\/Zenshof-Wiess_logo-150x150.png\" class=\"attachment-25x25 size-25x25\" alt=\"Zenshof-Wiess_logo.png\" loading=\"lazy\" srcset=\"https:\/\/zenshof.info\/wp-content\/uploads\/2025\/01\/Zenshof-Wiess_logo-150x150.png 150w, https:\/\/zenshof.info\/wp-content\/uploads\/2025\/01\/Zenshof-Wiess_logo-600x600.png 600w\" sizes=\"auto, (max-width: 25px) 100vw, 25px\" \/><span>Zenshof Wiess<\/span><\/a><\/li>\n<li class=\"menu-item menu-item-type-post_type menu-item-object-page menu-item-65 wp-menu-img wp-menu-img-before\"><a href=\"https:\/\/zenshof.info\/index.php\/rotfuchs\/\" class=\"elementor-item\"><img loading=\"lazy\" decoding=\"async\" width=\"25\" height=\"25\" src=\"https:\/\/zenshof.info\/wp-content\/uploads\/2025\/01\/RotFUCHS_Menu-150x150.png\" class=\"attachment-25x25 size-25x25\" alt=\"RotFUCHS_Menu.png\" loading=\"lazy\" srcset=\"https:\/\/zenshof.info\/wp-content\/uploads\/2025\/01\/RotFUCHS_Menu-150x150.png 150w, https:\/\/zenshof.info\/wp-content\/uploads\/2025\/01\/RotFUCHS_Menu-300x285.png 300w, https:\/\/zenshof.info\/wp-content\/uploads\/2025\/01\/RotFUCHS_Menu-1024x971.png 1024w, https:\/\/zenshof.info\/wp-content\/uploads\/2025\/01\/RotFUCHS_Menu-768x729.png 768w, https:\/\/zenshof.info\/wp-content\/uploads\/2025\/01\/RotFUCHS_Menu-600x600.png 600w, https:\/\/zenshof.info\/wp-content\/uploads\/2025\/01\/RotFUCHS_Menu.png 1423w\" sizes=\"auto, (max-width: 25px) 100vw, 25px\" \/><span>Zenshof Rotfuchs<\/span><\/a><\/li>\n<li class=\"menu-item menu-item-type-post_type menu-item-object-page menu-item-119 wp-menu-img wp-menu-img-before\"><a href=\"https:\/\/zenshof.info\/index.php\/kontakt\/\" class=\"elementor-item\"><img loading=\"lazy\" decoding=\"async\" width=\"25\" height=\"25\" src=\"https:\/\/zenshof.info\/wp-content\/uploads\/2025\/01\/Kontakt-150x150.png\" class=\"attachment-25x25 size-25x25\" alt=\"Kontakt.png\" loading=\"lazy\" srcset=\"https:\/\/zenshof.info\/wp-content\/uploads\/2025\/01\/Kontakt-150x150.png 150w, https:\/\/zenshof.info\/wp-content\/uploads\/2025\/01\/Kontakt-600x600.png 600w\" sizes=\"auto, (max-width: 25px) 100vw, 25px\" \/><span>Kontakt<\/span><\/a><\/li>\n<li class=\"menu-item menu-item-type-post_type menu-item-object-page menu-item-118 wp-menu-img wp-menu-img-before\"><a href=\"https:\/\/zenshof.info\/index.php\/impressum\/\" class=\"elementor-item\">Impressum<\/a><\/li>\n<\/ul>\t\t\t<\/nav>\n\t\t\t\t\t<div class=\"elementor-menu-toggle\" role=\"button\" tabindex=\"0\" aria-label=\"Menu Toggle\" aria-expanded=\"false\">\n\t\t\t<svg aria-hidden=\"true\" role=\"presentation\" class=\"elementor-menu-toggle__icon--open e-font-icon-svg e-eicon-menu-bar\" viewBox=\"0 0 1000 1000\" xmlns=\"http:\/\/www.w3.org\/2000\/svg\"><path d=\"M104 333H896C929 333 958 304 958 271S929 208 896 208H104C71 208 42 237 42 271S71 333 104 333ZM104 583H896C929 583 958 554 958 521S929 458 896 458H104C71 458 42 487 42 521S71 583 104 583ZM104 833H896C929 833 958 804 958 771S929 708 896 708H104C71 708 42 737 42 771S71 833 104 833Z\"><\/path><\/svg><svg aria-hidden=\"true\" role=\"presentation\" class=\"elementor-menu-toggle__icon--close e-font-icon-svg e-eicon-close\" viewBox=\"0 0 1000 1000\" xmlns=\"http:\/\/www.w3.org\/2000\/svg\"><path d=\"M742 167L500 408 258 167C246 154 233 150 217 150 196 150 179 158 167 167 154 179 150 196 150 212 150 229 154 242 171 254L408 500 167 742C138 771 138 800 167 829 196 858 225 858 254 829L496 587 738 829C750 842 767 846 783 846 800 846 817 842 829 829 842 817 846 804 846 783 846 767 842 750 829 737L588 500 833 258C863 229 863 200 833 171 804 137 775 137 742 167Z\"><\/path><\/svg>\t\t<\/div>\n\t\t\t\t\t<nav class=\"elementor-nav-menu--dropdown elementor-nav-menu__container\" aria-hidden=\"true\">\n\t\t\t\t<ul id=\"menu-2-d1f3f49\" class=\"elementor-nav-menu\"><li class=\"menu-item menu-item-type-post_type menu-item-object-page menu-item-home menu-item-103 wp-menu-img wp-menu-img-before\"><a href=\"https:\/\/zenshof.info\/\" class=\"elementor-item\" tabindex=\"-1\"><img loading=\"lazy\" decoding=\"async\" width=\"25\" height=\"25\" src=\"https:\/\/zenshof.info\/wp-content\/uploads\/2025\/01\/Zenshof_Logo-1-150x150.png\" class=\"attachment-25x25 size-25x25\" alt=\"Zenshof_Logo-1.png\" loading=\"lazy\" \/><span>Start<\/span><\/a><\/li>\n<li class=\"menu-item menu-item-type-post_type menu-item-object-page menu-item-121 wp-menu-img wp-menu-img-before\"><a href=\"https:\/\/zenshof.info\/index.php\/zenshof-wiess\/\" class=\"elementor-item\" tabindex=\"-1\"><img loading=\"lazy\" decoding=\"async\" width=\"25\" height=\"25\" src=\"https:\/\/zenshof.info\/wp-content\/uploads\/2025\/01\/Zenshof-Wiess_logo-150x150.png\" class=\"attachment-25x25 size-25x25\" alt=\"Zenshof-Wiess_logo.png\" loading=\"lazy\" srcset=\"https:\/\/zenshof.info\/wp-content\/uploads\/2025\/01\/Zenshof-Wiess_logo-150x150.png 150w, https:\/\/zenshof.info\/wp-content\/uploads\/2025\/01\/Zenshof-Wiess_logo-600x600.png 600w\" sizes=\"auto, (max-width: 25px) 100vw, 25px\" \/><span>Zenshof Wiess<\/span><\/a><\/li>\n<li class=\"menu-item menu-item-type-post_type menu-item-object-page menu-item-65 wp-menu-img wp-menu-img-before\"><a href=\"https:\/\/zenshof.info\/index.php\/rotfuchs\/\" class=\"elementor-item\" tabindex=\"-1\"><img loading=\"lazy\" decoding=\"async\" width=\"25\" height=\"25\" src=\"https:\/\/zenshof.info\/wp-content\/uploads\/2025\/01\/RotFUCHS_Menu-150x150.png\" class=\"attachment-25x25 size-25x25\" alt=\"RotFUCHS_Menu.png\" loading=\"lazy\" srcset=\"https:\/\/zenshof.info\/wp-content\/uploads\/2025\/01\/RotFUCHS_Menu-150x150.png 150w, https:\/\/zenshof.info\/wp-content\/uploads\/2025\/01\/RotFUCHS_Menu-300x285.png 300w, https:\/\/zenshof.info\/wp-content\/uploads\/2025\/01\/RotFUCHS_Menu-1024x971.png 1024w, https:\/\/zenshof.info\/wp-content\/uploads\/2025\/01\/RotFUCHS_Menu-768x729.png 768w, https:\/\/zenshof.info\/wp-content\/uploads\/2025\/01\/RotFUCHS_Menu-600x600.png 600w, https:\/\/zenshof.info\/wp-content\/uploads\/2025\/01\/RotFUCHS_Menu.png 1423w\" sizes=\"auto, (max-width: 25px) 100vw, 25px\" \/><span>Zenshof Rotfuchs<\/span><\/a><\/li>\n<li class=\"menu-item menu-item-type-post_type menu-item-object-page menu-item-119 wp-menu-img wp-menu-img-before\"><a href=\"https:\/\/zenshof.info\/index.php\/kontakt\/\" class=\"elementor-item\" tabindex=\"-1\"><img loading=\"lazy\" decoding=\"async\" width=\"25\" height=\"25\" src=\"https:\/\/zenshof.info\/wp-content\/uploads\/2025\/01\/Kontakt-150x150.png\" class=\"attachment-25x25 size-25x25\" alt=\"Kontakt.png\" loading=\"lazy\" srcset=\"https:\/\/zenshof.info\/wp-content\/uploads\/2025\/01\/Kontakt-150x150.png 150w, https:\/\/zenshof.info\/wp-content\/uploads\/2025\/01\/Kontakt-600x600.png 600w\" sizes=\"auto, (max-width: 25px) 100vw, 25px\" \/><span>Kontakt<\/span><\/a><\/li>\n<li class=\"menu-item menu-item-type-post_type menu-item-object-page menu-item-118 wp-menu-img wp-menu-img-before\"><a href=\"https:\/\/zenshof.info\/index.php\/impressum\/\" class=\"elementor-item\" tabindex=\"-1\">Impressum<\/a><\/li>\n<\/ul>\t\t\t<\/nav>\n\t\t\t\t\t\t<\/div>\n\t\t\t\t<\/div>\n\t\t\t\t\t<\/div>\n\t\t\t\t<\/div>\n\t\t<div class=\"elementor-element elementor-element-0d76f1a e-flex e-con-boxed e-con e-parent\" data-id=\"0d76f1a\" data-element_type=\"container\">\n\t\t\t\t\t<div class=\"e-con-inner\">\n\t\t\t\t<div class=\"elementor-element elementor-element-c2fa02b elementor-hidden-tablet elementor-hidden-mobile elementor-widget elementor-widget-image\" data-id=\"c2fa02b\" data-element_type=\"widget\" data-widget_type=\"image.default\">\n\t\t\t\t<div class=\"elementor-widget-container\">\n\t\t\t\t\t\t\t\t\t\t\t\t\t\t\t<img decoding=\"async\" width=\"957\" height=\"1172\" src=\"https:\/\/zenshof.info\/wp-content\/uploads\/2025\/01\/Zenshof-Wiess_logo.png\" class=\"attachment-full size-full wp-image-86\" alt=\"\" srcset=\"https:\/\/zenshof.info\/wp-content\/uploads\/2025\/01\/Zenshof-Wiess_logo.png 957w, https:\/\/zenshof.info\/wp-content\/uploads\/2025\/01\/Zenshof-Wiess_logo-245x300.png 245w, https:\/\/zenshof.info\/wp-content\/uploads\/2025\/01\/Zenshof-Wiess_logo-836x1024.png 836w, https:\/\/zenshof.info\/wp-content\/uploads\/2025\/01\/Zenshof-Wiess_logo-768x941.png 768w\" sizes=\"(max-width: 957px) 100vw, 957px\" \/>\t\t\t\t\t\t\t\t\t\t\t\t\t\t\t<\/div>\n\t\t\t\t<\/div>\n\t\t\t\t<div class=\"elementor-element elementor-element-09007e8 elementor-hidden-desktop elementor-widget elementor-widget-image\" data-id=\"09007e8\" data-element_type=\"widget\" data-widget_type=\"image.default\">\n\t\t\t\t<div class=\"elementor-widget-container\">\n\t\t\t\t\t\t\t\t\t\t\t\t\t\t\t<img decoding=\"async\" width=\"957\" height=\"1172\" src=\"https:\/\/zenshof.info\/wp-content\/uploads\/2025\/01\/Zenshof-Wiess_logo.png\" class=\"attachment-full size-full wp-image-86\" alt=\"\" srcset=\"https:\/\/zenshof.info\/wp-content\/uploads\/2025\/01\/Zenshof-Wiess_logo.png 957w, https:\/\/zenshof.info\/wp-content\/uploads\/2025\/01\/Zenshof-Wiess_logo-245x300.png 245w, https:\/\/zenshof.info\/wp-content\/uploads\/2025\/01\/Zenshof-Wiess_logo-836x1024.png 836w, https:\/\/zenshof.info\/wp-content\/uploads\/2025\/01\/Zenshof-Wiess_logo-768x941.png 768w\" sizes=\"(max-width: 957px) 100vw, 957px\" \/>\t\t\t\t\t\t\t\t\t\t\t\t\t\t\t<\/div>\n\t\t\t\t<\/div>\n\t\t\t\t<div class=\"elementor-element elementor-element-5c6cd81 elementor-hidden-tablet elementor-hidden-mobile elementor-widget elementor-widget-text-editor\" data-id=\"5c6cd81\" data-element_type=\"widget\" data-widget_type=\"text-editor.default\">\n\t\t\t\t<div class=\"elementor-widget-container\">\n\t\t\t\t\t\t\t\t\t<p>Das <strong>Zenshof Wiess<\/strong> ist ein naturtr\u00fcbes, unfiltriertes Bier, das mit h\u00f6chster Sorgfalt und Leidenschaft nach dem deutschen Reinheitsgebot von 1516 gebraut wird. Es vereint traditionelle Braukunst mit der puren Reinheit nat\u00fcrlicher Zutaten und bietet ein unverwechselbares Geschmackserlebnis f\u00fcr wahre Bierliebhaber.<\/p><h3><strong>Inhaltsstoffe:<\/strong><\/h3><ol><li><p><strong>Wasser<\/strong>: Kristallklares, mineralstoffreiches Wasser aus einer regionalen Quelle bildet die Grundlage dieses einzigartigen Bieres. Es sorgt f\u00fcr die perfekte Balance und unterst\u00fctzt die Aromenentfaltung der \u00fcbrigen Zutaten.<\/p><\/li><li><p><strong>Gerstenmalz<\/strong>: Nur die besten, sorgf\u00e4ltig ausgew\u00e4hlten Gerstensorten werden f\u00fcr das Zenshof Wiess verwendet. Das Malz verleiht dem Bier seine milde, leicht s\u00fc\u00dfliche Note und eine angenehme Vollmundigkeit. Die nat\u00fcrliche F\u00e4rbung entsteht durch die schonende Verarbeitung der Malze.<\/p><\/li><li><strong>Weizenmalz<\/strong>: Hochwertiges Weizenmalz gibt dem Zenshof Wiess seine besondere Leichtigkeit und eine dezente, fruchtige Note. Es sorgt f\u00fcr die charakteristische Frische und unterst\u00fctzt die cremige Textur des Bieres.\u00a0 \u00a0 \u00a0 \u00a0 \u00a0 \u00a0 \u00a0 \u00a0 \u00a0 \u00a0 \u00a0 \u00a0 \u00a0 \u00a0 \u00a0 \u00a0 \u00a0 \u00a0 \u00a0 \u00a0 \u00a0 \u00a0 \u00a0 \u00a0 \u00a0 \u00a0 \u00a0 \u00a0 \u00a0 \u00a0 \u00a0 \u00a0\u00a0<\/li><li><p><strong>Hopfen<\/strong>: Feinster Aromahopfen aus kontrolliertem Anbau sorgt f\u00fcr das perfekte Gleichgewicht zwischen einer angenehmen Bittere und einer dezenten Frische. Der Hopfen verleiht dem Wiess seine feinen blumigen und leicht w\u00fcrzigen Aromen.<\/p><\/li><li><p><strong>Hefe<\/strong>: Eine spezielle Brauhefe verleiht dem Zenshof Wiess seine charakteristische Tr\u00fcbung und eine dezente Hefenote. Die Hefe ist essenziell f\u00fcr die Fermentation und tr\u00e4gt zur samtigen Textur bei, die das Bier so einzigartig macht.<\/p><\/li><\/ol><h3><strong>Geschmack &amp; Charakter:<\/strong><\/h3><p>Das Zenshof Wiess zeichnet sich durch seine leichte S\u00fc\u00dfe, die von einem weichen Malzcharakter getragen wird, und eine feine, ausgewogene Hopfenbittere aus. Die unfiltrierte Verarbeitung bewahrt die nat\u00fcrlichen Aromen und sorgt f\u00fcr einen frischen, urspr\u00fcnglichen Genuss. Die dezente Hefenote und die nat\u00fcrliche Kohlens\u00e4ure verleihen dem Bier ein lebendiges Mundgef\u00fchl und eine unverwechselbare Leichtigkeit.<\/p><h3><strong>Genussempfehlung:<\/strong><\/h3><p>Das Zenshof Wiess ist der ideale Begleiter zu einer Vielzahl von Gerichten, wie herzhaften Brotzeiten, milden K\u00e4sesorten oder frischen Salaten. Es schmeckt am besten frisch gezapft oder gut gek\u00fchlt direkt aus der Flasche \u2013 ein echtes Erlebnis f\u00fcr die Sinne. Mit einem Alkoholgehalt von etwa 5,0 % ist es leicht und angenehm zu trinken.<\/p><h3><strong>Tradition &amp; Qualit\u00e4t:<\/strong><\/h3><p>Jede Flasche Zenshof Wiess steht f\u00fcr echte Brautradition und h\u00f6chste Qualit\u00e4t. Dank der schonenden Verarbeitung und der Verwendung nat\u00fcrlicher Zutaten bleibt das Bier seiner Herkunft treu \u2013 ein unverf\u00e4lschtes, ehrliches Produkt, das die Essenz des Bierbrauens einf\u00e4ngt.<\/p><p>Erleben Sie das Zenshof Wiess \u2013 eine Hommage an die Reinheit, Urspr\u00fcnglichkeit und Vielfalt des deutschen Bieres.<\/p>\t\t\t\t\t\t\t\t<\/div>\n\t\t\t\t<\/div>\n\t\t\t\t\t<\/div>\n\t\t\t\t<\/div>\n\t\t<div class=\"elementor-element elementor-element-7af4d8c e-flex e-con-boxed e-con e-parent\" data-id=\"7af4d8c\" data-element_type=\"container\">\n\t\t\t\t\t<div class=\"e-con-inner\">\n\t\t\t\t<div class=\"elementor-element elementor-element-1723164 elementor-hidden-desktop elementor-widget elementor-widget-text-editor\" data-id=\"1723164\" data-element_type=\"widget\" data-widget_type=\"text-editor.default\">\n\t\t\t\t<div class=\"elementor-widget-container\">\n\t\t\t\t\t\t\t\t\t<p>Das <strong>Zenshof Wiess<\/strong> ist ein naturtr\u00fcbes, unfiltriertes Bier, das mit h\u00f6chster Sorgfalt und Leidenschaft nach dem deutschen Reinheitsgebot von 1516 gebraut wird. Es vereint traditionelle Braukunst mit der puren Reinheit nat\u00fcrlicher Zutaten und bietet ein unverwechselbares Geschmackserlebnis f\u00fcr wahre Bierliebhaber.<\/p><h3><strong>Inhaltsstoffe:<\/strong><\/h3><ol><li><p><strong>Wasser<\/strong>: Kristallklares, mineralstoffreiches Wasser aus einer regionalen Quelle bildet die Grundlage dieses einzigartigen Bieres. Es sorgt f\u00fcr die perfekte Balance und unterst\u00fctzt die Aromenentfaltung der \u00fcbrigen Zutaten.<\/p><\/li><li><p><strong>Gerstenmalz<\/strong>: Nur die besten, sorgf\u00e4ltig ausgew\u00e4hlten Gerstensorten werden f\u00fcr das Zenshof Wiess verwendet. Das Malz verleiht dem Bier seine milde, leicht s\u00fc\u00dfliche Note und eine angenehme Vollmundigkeit. Die nat\u00fcrliche F\u00e4rbung entsteht durch die schonende Verarbeitung der Malze.<\/p><\/li><li><strong>Weizenmalz<\/strong>: Hochwertiges Weizenmalz gibt dem Zenshof Wiess seine besondere Leichtigkeit und eine dezente, fruchtige Note. Es sorgt f\u00fcr die charakteristische Frische und unterst\u00fctzt die cremige Textur des Bieres.\u00a0 \u00a0 \u00a0 \u00a0 \u00a0 \u00a0 \u00a0 \u00a0 \u00a0 \u00a0 \u00a0 \u00a0 \u00a0 \u00a0 \u00a0 \u00a0 \u00a0\u00a0 \u00a0 \u00a0 \u00a0 \u00a0 \u00a0 \u00a0 \u00a0 \u00a0 \u00a0 \u00a0 \u00a0 \u00a0 \u00a0 \u00a0 \u00a0 \u00a0 \u00a0<\/li><li><p><strong>Hopfen<\/strong>: Feinster Aromahopfen aus kontrolliertem Anbau sorgt f\u00fcr das perfekte Gleichgewicht zwischen einer angenehmen Bittere und einer dezenten Frische. Der Hopfen verleiht dem Wiess seine feinen blumigen und leicht w\u00fcrzigen Aromen.<\/p><\/li><li><p><strong>Hefe<\/strong>: Eine spezielle Brauhefe verleiht dem Zenshof Wiess seine charakteristische Tr\u00fcbung und eine dezente Hefenote. Die Hefe ist essenziell f\u00fcr die Fermentation und tr\u00e4gt zur samtigen Textur bei, die das Bier so einzigartig macht.<\/p><\/li><\/ol><h3><strong>Geschmack &amp; Charakter:<\/strong><\/h3><p>Das Zenshof Wiess zeichnet sich durch seine leichte S\u00fc\u00dfe, die von einem weichen Malzcharakter getragen wird, und eine feine, ausgewogene Hopfenbittere aus. Die unfiltrierte Verarbeitung bewahrt die nat\u00fcrlichen Aromen und sorgt f\u00fcr einen frischen, urspr\u00fcnglichen Genuss. Die dezente Hefenote und die nat\u00fcrliche Kohlens\u00e4ure verleihen dem Bier ein lebendiges Mundgef\u00fchl und eine unverwechselbare Leichtigkeit.<\/p><h3><strong>Genussempfehlung:<\/strong><\/h3><p>Das Zenshof Wiess ist der ideale Begleiter zu einer Vielzahl von Gerichten, wie herzhaften Brotzeiten, milden K\u00e4sesorten oder frischen Salaten. Es schmeckt am besten frisch gezapft oder gut gek\u00fchlt direkt aus der Flasche \u2013 ein echtes Erlebnis f\u00fcr die Sinne. Mit einem Alkoholgehalt von etwa 5,0 % ist es leicht und angenehm zu trinken.<\/p><h3><strong>Tradition &amp; Qualit\u00e4t:<\/strong><\/h3><p>Jede Flasche Zenshof Wiess steht f\u00fcr echte Brautradition und h\u00f6chste Qualit\u00e4t. Dank der schonenden Verarbeitung und der Verwendung nat\u00fcrlicher Zutaten bleibt das Bier seiner Herkunft treu \u2013 ein unverf\u00e4lschtes, ehrliches Produkt, das die Essenz des Bierbrauens einf\u00e4ngt.<\/p><p>Erleben Sie das Zenshof Wiess \u2013 eine Hommage an die Reinheit, Urspr\u00fcnglichkeit und Vielfalt des deutschen Bieres.<\/p>\t\t\t\t\t\t\t\t<\/div>\n\t\t\t\t<\/div>\n\t\t\t\t\t<\/div>\n\t\t\t\t<\/div>\n\t\t\t\t<\/div>\n\t\t","protected":false},"excerpt":{"rendered":"<p>Das Zenshof Wiess ist ein naturtr\u00fcbes, unfiltriertes Bier, das mit h\u00f6chster Sorgfalt und Leidenschaft nach dem deutschen Reinheitsgebot von 1516 gebraut wird. Es vereint traditionelle Braukunst mit der puren Reinheit nat\u00fcrlicher Zutaten und bietet ein unverwechselbares Geschmackserlebnis f\u00fcr wahre Bierliebhaber. Inhaltsstoffe: Wasser: Kristallklares, mineralstoffreiches Wasser aus einer regionalen Quelle bildet die Grundlage dieses einzigartigen Bieres. [&hellip;]<\/p>\n","protected":false},"author":1,"featured_media":0,"parent":0,"menu_order":0,"comment_status":"closed","ping_status":"closed","template":"elementor_canvas","meta":{"ocean_post_layout":"","ocean_both_sidebars_style":"","ocean_both_sidebars_content_width":0,"ocean_both_sidebars_sidebars_width":0,"ocean_sidebar":"","ocean_second_sidebar":"","ocean_disable_margins":"enable","ocean_add_body_class":"","ocean_shortcode_before_top_bar":"","ocean_shortcode_after_top_bar":"","ocean_shortcode_before_header":"","ocean_shortcode_after_header":"","ocean_has_shortcode":"","ocean_shortcode_after_title":"","ocean_shortcode_before_footer_widgets":"","ocean_shortcode_after_footer_widgets":"","ocean_shortcode_before_footer_bottom":"","ocean_shortcode_after_footer_bottom":"","ocean_display_top_bar":"off","ocean_display_header":"off","ocean_header_style":"","ocean_center_header_left_menu":"","ocean_custom_header_template":"","ocean_custom_logo":0,"ocean_custom_retina_logo":0,"ocean_custom_logo_max_width":0,"ocean_custom_logo_tablet_max_width":0,"ocean_custom_logo_mobile_max_width":0,"ocean_custom_logo_max_height":0,"ocean_custom_logo_tablet_max_height":0,"ocean_custom_logo_mobile_max_height":0,"ocean_header_custom_menu":"","ocean_menu_typo_font_family":"","ocean_menu_typo_font_subset":"","ocean_menu_typo_font_size":0,"ocean_menu_typo_font_size_tablet":0,"ocean_menu_typo_font_size_mobile":0,"ocean_menu_typo_font_size_unit":"px","ocean_menu_typo_font_weight":"","ocean_menu_typo_font_weight_tablet":"","ocean_menu_typo_font_weight_mobile":"","ocean_menu_typo_transform":"","ocean_menu_typo_transform_tablet":"","ocean_menu_typo_transform_mobile":"","ocean_menu_typo_line_height":0,"ocean_menu_typo_line_height_tablet":0,"ocean_menu_typo_line_height_mobile":0,"ocean_menu_typo_line_height_unit":"","ocean_menu_typo_spacing":0,"ocean_menu_typo_spacing_tablet":0,"ocean_menu_typo_spacing_mobile":0,"ocean_menu_typo_spacing_unit":"","ocean_menu_link_color":"","ocean_menu_link_color_hover":"","ocean_menu_link_color_active":"","ocean_menu_link_background":"","ocean_menu_link_hover_background":"","ocean_menu_link_active_background":"","ocean_menu_social_links_bg":"","ocean_menu_social_hover_links_bg":"","ocean_menu_social_links_color":"","ocean_menu_social_hover_links_color":"","ocean_disable_title":"on","ocean_disable_heading":"default","ocean_post_title":"","ocean_post_subheading":"","ocean_post_title_style":"","ocean_post_title_background_color":"","ocean_post_title_background":0,"ocean_post_title_bg_image_position":"","ocean_post_title_bg_image_attachment":"","ocean_post_title_bg_image_repeat":"","ocean_post_title_bg_image_size":"","ocean_post_title_height":0,"ocean_post_title_bg_overlay":0.5,"ocean_post_title_bg_overlay_color":"","ocean_disable_breadcrumbs":"default","ocean_breadcrumbs_color":"","ocean_breadcrumbs_separator_color":"","ocean_breadcrumbs_links_color":"","ocean_breadcrumbs_links_hover_color":"","ocean_display_footer_widgets":"default","ocean_display_footer_bottom":"default","ocean_custom_footer_template":"","osp_disable_panel":"default","osh_disable_topbar_sticky":"default","osh_disable_header_sticky":"default","osh_sticky_header_style":"default","osh_sticky_header_effect":"","osh_custom_sticky_logo":0,"osh_custom_retina_sticky_logo":0,"osh_custom_sticky_logo_height":0,"osh_background_color":"","osh_links_color":"","osh_links_hover_color":"","osh_links_active_color":"","osh_links_bg_color":"","osh_links_hover_bg_color":"","osh_links_active_bg_color":"","osh_menu_social_links_color":"","osh_menu_social_hover_links_color":"","footnotes":""},"class_list":["post-112","page","type-page","status-publish","hentry","entry"],"_links":{"self":[{"href":"https:\/\/zenshof.info\/index.php\/wp-json\/wp\/v2\/pages\/112","targetHints":{"allow":["GET"]}}],"collection":[{"href":"https:\/\/zenshof.info\/index.php\/wp-json\/wp\/v2\/pages"}],"about":[{"href":"https:\/\/zenshof.info\/index.php\/wp-json\/wp\/v2\/types\/page"}],"author":[{"embeddable":true,"href":"https:\/\/zenshof.info\/index.php\/wp-json\/wp\/v2\/users\/1"}],"replies":[{"embeddable":true,"href":"https:\/\/zenshof.info\/index.php\/wp-json\/wp\/v2\/comments?post=112"}],"version-history":[{"count":43,"href":"https:\/\/zenshof.info\/index.php\/wp-json\/wp\/v2\/pages\/112\/revisions"}],"predecessor-version":[{"id":282,"href":"https:\/\/zenshof.info\/index.php\/wp-json\/wp\/v2\/pages\/112\/revisions\/282"}],"wp:attachment":[{"href":"https:\/\/zenshof.info\/index.php\/wp-json\/wp\/v2\/media?parent=112"}],"curies":[{"name":"wp","href":"https:\/\/api.w.org\/{rel}","templated":true}]}}