{"id":114,"date":"2025-01-27T08:00:06","date_gmt":"2025-01-27T08:00:06","guid":{"rendered":"https:\/\/zenshof.info\/?page_id=114"},"modified":"2025-01-27T13:20:44","modified_gmt":"2025-01-27T13:20:44","slug":"impressum","status":"publish","type":"page","link":"https:\/\/zenshof.info\/index.php\/impressum\/","title":{"rendered":"Impressum"},"content":{"rendered":"\t\t<div data-elementor-type=\"wp-page\" data-elementor-id=\"114\" class=\"elementor elementor-114\" data-elementor-post-type=\"page\">\n\t\t\t\t<div class=\"elementor-element elementor-element-5d2929e e-flex e-con-boxed e-con e-parent\" data-id=\"5d2929e\" data-element_type=\"container\">\n\t\t\t\t\t<div class=\"e-con-inner\">\n\t\t\t\t<div class=\"elementor-element elementor-element-15e126e elementor-widget elementor-widget-image\" data-id=\"15e126e\" data-element_type=\"widget\" data-widget_type=\"image.default\">\n\t\t\t\t<div class=\"elementor-widget-container\">\n\t\t\t\t\t\t\t\t\t\t\t\t\t\t\t<img fetchpriority=\"high\" decoding=\"async\" width=\"1024\" height=\"155\" src=\"https:\/\/zenshof.info\/wp-content\/uploads\/2025\/01\/Unbenannt-1-1024x155.jpg\" class=\"attachment-large size-large wp-image-16\" alt=\"\" srcset=\"https:\/\/zenshof.info\/wp-content\/uploads\/2025\/01\/Unbenannt-1-1024x155.jpg 1024w, https:\/\/zenshof.info\/wp-content\/uploads\/2025\/01\/Unbenannt-1-300x45.jpg 300w, https:\/\/zenshof.info\/wp-content\/uploads\/2025\/01\/Unbenannt-1-768x116.jpg 768w, https:\/\/zenshof.info\/wp-content\/uploads\/2025\/01\/Unbenannt-1-1536x233.jpg 1536w, https:\/\/zenshof.info\/wp-content\/uploads\/2025\/01\/Unbenannt-1-2048x310.jpg 2048w\" sizes=\"(max-width: 1024px) 100vw, 1024px\" \/>\t\t\t\t\t\t\t\t\t\t\t\t\t\t\t<\/div>\n\t\t\t\t<\/div>\n\t\t\t\t\t<\/div>\n\t\t\t\t<\/div>\n\t\t<div class=\"elementor-element elementor-element-c2e8d71 e-flex e-con-boxed e-con e-parent\" data-id=\"c2e8d71\" data-element_type=\"container\">\n\t\t\t\t\t<div class=\"e-con-inner\">\n\t\t\t\t<div class=\"elementor-element elementor-element-bb26380 elementor-nav-menu__align-center elementor-nav-menu--dropdown-tablet elementor-nav-menu__text-align-aside elementor-nav-menu--toggle elementor-nav-menu--burger elementor-widget elementor-widget-global elementor-global-96 elementor-widget-nav-menu\" data-id=\"bb26380\" data-element_type=\"widget\" data-settings=\"{&quot;layout&quot;:&quot;horizontal&quot;,&quot;submenu_icon&quot;:{&quot;value&quot;:&quot;fas fa-caret-down&quot;,&quot;library&quot;:&quot;fa-solid&quot;},&quot;toggle&quot;:&quot;burger&quot;}\" data-widget_type=\"nav-menu.default\">\n\t\t\t\t<div class=\"elementor-widget-container\">\n\t\t\t\t\t\t\t\t<nav aria-label=\"Men\u00fc\" class=\"elementor-nav-menu--main elementor-nav-menu__container elementor-nav-menu--layout-horizontal e--pointer-underline e--animation-fade\">\n\t\t\t\t<ul id=\"menu-1-bb26380\" class=\"elementor-nav-menu\"><li class=\"menu-item menu-item-type-post_type menu-item-object-page menu-item-home menu-item-103 wp-menu-img wp-menu-img-before\"><a href=\"https:\/\/zenshof.info\/\" class=\"elementor-item\"><img loading=\"lazy\" decoding=\"async\" width=\"25\" height=\"25\" src=\"https:\/\/zenshof.info\/wp-content\/uploads\/2025\/01\/Zenshof_Logo-1-150x150.png\" class=\"attachment-25x25 size-25x25\" alt=\"Zenshof_Logo-1.png\" loading=\"lazy\" \/><span>Start<\/span><\/a><\/li>\n<li class=\"menu-item menu-item-type-post_type menu-item-object-page menu-item-121 wp-menu-img wp-menu-img-before\"><a href=\"https:\/\/zenshof.info\/index.php\/zenshof-wiess\/\" class=\"elementor-item\"><img loading=\"lazy\" decoding=\"async\" width=\"25\" height=\"25\" src=\"https:\/\/zenshof.info\/wp-content\/uploads\/2025\/01\/Zenshof-Wiess_logo-150x150.png\" class=\"attachment-25x25 size-25x25\" alt=\"Zenshof-Wiess_logo.png\" loading=\"lazy\" srcset=\"https:\/\/zenshof.info\/wp-content\/uploads\/2025\/01\/Zenshof-Wiess_logo-150x150.png 150w, https:\/\/zenshof.info\/wp-content\/uploads\/2025\/01\/Zenshof-Wiess_logo-600x600.png 600w\" sizes=\"auto, (max-width: 25px) 100vw, 25px\" \/><span>Zenshof Wiess<\/span><\/a><\/li>\n<li class=\"menu-item menu-item-type-post_type menu-item-object-page menu-item-65 wp-menu-img wp-menu-img-before\"><a href=\"https:\/\/zenshof.info\/index.php\/rotfuchs\/\" class=\"elementor-item\"><img loading=\"lazy\" decoding=\"async\" width=\"25\" height=\"25\" src=\"https:\/\/zenshof.info\/wp-content\/uploads\/2025\/01\/RotFUCHS_Menu-150x150.png\" class=\"attachment-25x25 size-25x25\" alt=\"RotFUCHS_Menu.png\" loading=\"lazy\" srcset=\"https:\/\/zenshof.info\/wp-content\/uploads\/2025\/01\/RotFUCHS_Menu-150x150.png 150w, https:\/\/zenshof.info\/wp-content\/uploads\/2025\/01\/RotFUCHS_Menu-300x285.png 300w, https:\/\/zenshof.info\/wp-content\/uploads\/2025\/01\/RotFUCHS_Menu-1024x971.png 1024w, https:\/\/zenshof.info\/wp-content\/uploads\/2025\/01\/RotFUCHS_Menu-768x729.png 768w, https:\/\/zenshof.info\/wp-content\/uploads\/2025\/01\/RotFUCHS_Menu-600x600.png 600w, https:\/\/zenshof.info\/wp-content\/uploads\/2025\/01\/RotFUCHS_Menu.png 1423w\" sizes=\"auto, (max-width: 25px) 100vw, 25px\" \/><span>Zenshof Rotfuchs<\/span><\/a><\/li>\n<li class=\"menu-item menu-item-type-post_type menu-item-object-page menu-item-119 wp-menu-img wp-menu-img-before\"><a href=\"https:\/\/zenshof.info\/index.php\/kontakt\/\" class=\"elementor-item\"><img loading=\"lazy\" decoding=\"async\" width=\"25\" height=\"25\" src=\"https:\/\/zenshof.info\/wp-content\/uploads\/2025\/01\/Kontakt-150x150.png\" class=\"attachment-25x25 size-25x25\" alt=\"Kontakt.png\" loading=\"lazy\" srcset=\"https:\/\/zenshof.info\/wp-content\/uploads\/2025\/01\/Kontakt-150x150.png 150w, https:\/\/zenshof.info\/wp-content\/uploads\/2025\/01\/Kontakt-600x600.png 600w\" sizes=\"auto, (max-width: 25px) 100vw, 25px\" \/><span>Kontakt<\/span><\/a><\/li>\n<li class=\"menu-item menu-item-type-post_type menu-item-object-page menu-item-118 wp-menu-img wp-menu-img-before\"><a href=\"https:\/\/zenshof.info\/index.php\/impressum\/\" class=\"elementor-item\">Impressum<\/a><\/li>\n<\/ul>\t\t\t<\/nav>\n\t\t\t\t\t<div class=\"elementor-menu-toggle\" role=\"button\" tabindex=\"0\" aria-label=\"Menu Toggle\" aria-expanded=\"false\">\n\t\t\t<svg aria-hidden=\"true\" role=\"presentation\" class=\"elementor-menu-toggle__icon--open e-font-icon-svg e-eicon-menu-bar\" viewBox=\"0 0 1000 1000\" xmlns=\"http:\/\/www.w3.org\/2000\/svg\"><path d=\"M104 333H896C929 333 958 304 958 271S929 208 896 208H104C71 208 42 237 42 271S71 333 104 333ZM104 583H896C929 583 958 554 958 521S929 458 896 458H104C71 458 42 487 42 521S71 583 104 583ZM104 833H896C929 833 958 804 958 771S929 708 896 708H104C71 708 42 737 42 771S71 833 104 833Z\"><\/path><\/svg><svg aria-hidden=\"true\" role=\"presentation\" class=\"elementor-menu-toggle__icon--close e-font-icon-svg e-eicon-close\" viewBox=\"0 0 1000 1000\" xmlns=\"http:\/\/www.w3.org\/2000\/svg\"><path d=\"M742 167L500 408 258 167C246 154 233 150 217 150 196 150 179 158 167 167 154 179 150 196 150 212 150 229 154 242 171 254L408 500 167 742C138 771 138 800 167 829 196 858 225 858 254 829L496 587 738 829C750 842 767 846 783 846 800 846 817 842 829 829 842 817 846 804 846 783 846 767 842 750 829 737L588 500 833 258C863 229 863 200 833 171 804 137 775 137 742 167Z\"><\/path><\/svg>\t\t<\/div>\n\t\t\t\t\t<nav class=\"elementor-nav-menu--dropdown elementor-nav-menu__container\" aria-hidden=\"true\">\n\t\t\t\t<ul id=\"menu-2-bb26380\" class=\"elementor-nav-menu\"><li class=\"menu-item menu-item-type-post_type menu-item-object-page menu-item-home menu-item-103 wp-menu-img wp-menu-img-before\"><a href=\"https:\/\/zenshof.info\/\" class=\"elementor-item\" tabindex=\"-1\"><img loading=\"lazy\" decoding=\"async\" width=\"25\" height=\"25\" src=\"https:\/\/zenshof.info\/wp-content\/uploads\/2025\/01\/Zenshof_Logo-1-150x150.png\" class=\"attachment-25x25 size-25x25\" alt=\"Zenshof_Logo-1.png\" loading=\"lazy\" \/><span>Start<\/span><\/a><\/li>\n<li class=\"menu-item menu-item-type-post_type menu-item-object-page menu-item-121 wp-menu-img wp-menu-img-before\"><a href=\"https:\/\/zenshof.info\/index.php\/zenshof-wiess\/\" class=\"elementor-item\" tabindex=\"-1\"><img loading=\"lazy\" decoding=\"async\" width=\"25\" height=\"25\" src=\"https:\/\/zenshof.info\/wp-content\/uploads\/2025\/01\/Zenshof-Wiess_logo-150x150.png\" class=\"attachment-25x25 size-25x25\" alt=\"Zenshof-Wiess_logo.png\" loading=\"lazy\" srcset=\"https:\/\/zenshof.info\/wp-content\/uploads\/2025\/01\/Zenshof-Wiess_logo-150x150.png 150w, https:\/\/zenshof.info\/wp-content\/uploads\/2025\/01\/Zenshof-Wiess_logo-600x600.png 600w\" sizes=\"auto, (max-width: 25px) 100vw, 25px\" \/><span>Zenshof Wiess<\/span><\/a><\/li>\n<li class=\"menu-item menu-item-type-post_type menu-item-object-page menu-item-65 wp-menu-img wp-menu-img-before\"><a href=\"https:\/\/zenshof.info\/index.php\/rotfuchs\/\" class=\"elementor-item\" tabindex=\"-1\"><img loading=\"lazy\" decoding=\"async\" width=\"25\" height=\"25\" src=\"https:\/\/zenshof.info\/wp-content\/uploads\/2025\/01\/RotFUCHS_Menu-150x150.png\" class=\"attachment-25x25 size-25x25\" alt=\"RotFUCHS_Menu.png\" loading=\"lazy\" srcset=\"https:\/\/zenshof.info\/wp-content\/uploads\/2025\/01\/RotFUCHS_Menu-150x150.png 150w, https:\/\/zenshof.info\/wp-content\/uploads\/2025\/01\/RotFUCHS_Menu-300x285.png 300w, https:\/\/zenshof.info\/wp-content\/uploads\/2025\/01\/RotFUCHS_Menu-1024x971.png 1024w, https:\/\/zenshof.info\/wp-content\/uploads\/2025\/01\/RotFUCHS_Menu-768x729.png 768w, https:\/\/zenshof.info\/wp-content\/uploads\/2025\/01\/RotFUCHS_Menu-600x600.png 600w, https:\/\/zenshof.info\/wp-content\/uploads\/2025\/01\/RotFUCHS_Menu.png 1423w\" sizes=\"auto, (max-width: 25px) 100vw, 25px\" \/><span>Zenshof Rotfuchs<\/span><\/a><\/li>\n<li class=\"menu-item menu-item-type-post_type menu-item-object-page menu-item-119 wp-menu-img wp-menu-img-before\"><a href=\"https:\/\/zenshof.info\/index.php\/kontakt\/\" class=\"elementor-item\" tabindex=\"-1\"><img loading=\"lazy\" decoding=\"async\" width=\"25\" height=\"25\" src=\"https:\/\/zenshof.info\/wp-content\/uploads\/2025\/01\/Kontakt-150x150.png\" class=\"attachment-25x25 size-25x25\" alt=\"Kontakt.png\" loading=\"lazy\" srcset=\"https:\/\/zenshof.info\/wp-content\/uploads\/2025\/01\/Kontakt-150x150.png 150w, https:\/\/zenshof.info\/wp-content\/uploads\/2025\/01\/Kontakt-600x600.png 600w\" sizes=\"auto, (max-width: 25px) 100vw, 25px\" \/><span>Kontakt<\/span><\/a><\/li>\n<li class=\"menu-item menu-item-type-post_type menu-item-object-page menu-item-118 wp-menu-img wp-menu-img-before\"><a href=\"https:\/\/zenshof.info\/index.php\/impressum\/\" class=\"elementor-item\" tabindex=\"-1\">Impressum<\/a><\/li>\n<\/ul>\t\t\t<\/nav>\n\t\t\t\t\t\t<\/div>\n\t\t\t\t<\/div>\n\t\t\t\t\t<\/div>\n\t\t\t\t<\/div>\n\t\t<div class=\"elementor-element elementor-element-44f720a e-flex e-con-boxed e-con e-parent\" data-id=\"44f720a\" data-element_type=\"container\">\n\t\t\t\t\t<div class=\"e-con-inner\">\n\t\t\t\t<div class=\"elementor-element elementor-element-40fc72c elementor-widget elementor-widget-text-editor\" data-id=\"40fc72c\" data-element_type=\"widget\" data-widget_type=\"text-editor.default\">\n\t\t\t\t<div class=\"elementor-widget-container\">\n\t\t\t\t\t\t\t\t\t<p data-pm-slice=\"1 1 []\"><strong>mpressum<\/strong><\/p>\n<p><strong>Zenshof<\/strong><br \/>[Marco Harwith R\u00fcdiger]<br \/>[Friedensstrasse 39]<br \/>[50181 Bedburg-Rath]<br \/>[Deutschland]<\/p>\n<p><strong>Kontakt<\/strong><br \/>Telefon: [Telefonnummer]<br \/>E-Mail: [kontakt@zenshof.info]<br \/>Webseite: [www.zenshof.info]<\/p>\n<p><strong>Umsatzsteuer-ID<\/strong><br \/>Umsatzsteuer-Identifikationsnummer gem\u00e4\u00df \u00a7 27 a Umsatzsteuergesetz: [Nummer]<\/p>\n<h5><strong>Inhaltlich Verantwortlicher gem\u00e4\u00df \u00a7 55 Abs. 2 RStV<\/strong><br \/><strong>[Vanikumer Druck Service<\/strong><br \/><strong>Guido Milzarek<\/strong><br \/><strong>Dreschgasse 26<\/strong><br \/><strong>41569 Rommerskirchen]<\/strong><\/h5>\n<p><strong>Haftungsausschluss<\/strong><\/p>\n<p><strong>Haftung f\u00fcr Inhalte<\/strong><br \/>Die Inhalte unserer Seiten wurden mit gr\u00f6\u00dfter Sorgfalt erstellt. F\u00fcr die Richtigkeit, Vollst\u00e4ndigkeit und Aktualit\u00e4t der Inhalte k\u00f6nnen wir jedoch keine Gew\u00e4hr \u00fcbernehmen. Als Diensteanbieter sind wir gem\u00e4\u00df \u00a7 7 Abs.1 TMG f\u00fcr eigene Inhalte auf diesen Seiten nach den allgemeinen Gesetzen verantwortlich. Nach \u00a7\u00a7 8 bis 10 TMG sind wir als Diensteanbieter jedoch nicht verpflichtet, \u00fcbermittelte oder gespeicherte fremde Informationen zu \u00fcberwachen oder nach Umst\u00e4nden zu forschen, die auf eine rechtswidrige T\u00e4tigkeit hinweisen. Verpflichtungen zur Entfernung oder Sperrung der Nutzung von Informationen nach den allgemeinen Gesetzen bleiben hiervon unber\u00fchrt. Eine diesbez\u00fcgliche Haftung ist jedoch erst ab dem Zeitpunkt der Kenntnis einer konkreten Rechtsverletzung m\u00f6glich. Bei Bekanntwerden von entsprechenden Rechtsverletzungen werden wir diese Inhalte umgehend entfernen.<\/p>\n<p><strong>Haftung f\u00fcr Links<\/strong><br \/>Unser Angebot enth\u00e4lt Links zu externen Webseiten Dritter, auf deren Inhalte wir keinen Einfluss haben. Deshalb k\u00f6nnen wir f\u00fcr diese fremden Inhalte auch keine Gew\u00e4hr \u00fcbernehmen. F\u00fcr die Inhalte der verlinkten Seiten ist stets der jeweilige Anbieter oder Betreiber der Seiten verantwortlich. Die verlinkten Seiten wurden zum Zeitpunkt der Verlinkung auf m\u00f6gliche Rechtsverst\u00f6\u00dfe \u00fcberpr\u00fcft. Rechtswidrige Inhalte waren zum Zeitpunkt der Verlinkung nicht erkennbar. Eine permanente inhaltliche Kontrolle der verlinkten Seiten ist jedoch ohne konkrete Anhaltspunkte einer Rechtsverletzung nicht zumutbar. Bei Bekanntwerden von Rechtsverletzungen werden wir derartige Links umgehend entfernen.<\/p>\n<p><strong>Urheberrecht<\/strong><br \/>Die durch die Seitenbetreiber erstellten Inhalte und Werke auf diesen Seiten unterliegen dem deutschen Urheberrecht. Die Vervielf\u00e4ltigung, Bearbeitung, Verbreitung und jede Art der Verwertung au\u00dferhalb der Grenzen des Urheberrechtes bed\u00fcrfen der schriftlichen Zustimmung des jeweiligen Autors bzw. Erstellers. Downloads und Kopien dieser Seite sind nur f\u00fcr den privaten, nicht kommerziellen Gebrauch gestattet. Soweit die Inhalte auf dieser Seite nicht vom Betreiber erstellt wurden, werden die Urheberrechte Dritter beachtet. Insbesondere werden Inhalte Dritter als solche gekennzeichnet. Sollten Sie trotzdem auf eine Urheberrechtsverletzung aufmerksam werden, bitten wir um einen entsprechenden Hinweis. Bei Bekanntwerden von Rechtsverletzungen werden wir derartige Inhalte umgehend entfernen.<\/p>\n<p><strong>Online-Streitbeilegung<\/strong><br \/>Die Europ\u00e4ische Kommission stellt eine Plattform zur Online-Streitbeilegung (OS) bereit: [URL zur OS-Plattform]. Unsere E-Mail-Adresse finden Sie oben im Impressum.<\/p>\n<p><strong>Hinweis gem\u00e4\u00df \u00a7 36 VSBG<\/strong><br \/>Wir sind nicht bereit oder verpflichtet, an Streitbeilegungsverfahren vor einer Verbraucherschlichtungsstelle teilzunehmen.<\/p>\t\t\t\t\t\t\t\t<\/div>\n\t\t\t\t<\/div>\n\t\t\t\t\t<\/div>\n\t\t\t\t<\/div>\n\t\t\t\t<\/div>\n\t\t","protected":false},"excerpt":{"rendered":"<p>mpressum Zenshof[Marco Harwith R\u00fcdiger][Friedensstrasse 39][50181 Bedburg-Rath][Deutschland] KontaktTelefon: [Telefonnummer]E-Mail: [kontakt@zenshof.info]Webseite: [www.zenshof.info] Umsatzsteuer-IDUmsatzsteuer-Identifikationsnummer gem\u00e4\u00df \u00a7 27 a Umsatzsteuergesetz: [Nummer] Inhaltlich Verantwortlicher gem\u00e4\u00df \u00a7 55 Abs. 2 RStV[Vanikumer Druck ServiceGuido MilzarekDreschgasse 2641569 Rommerskirchen] Haftungsausschluss Haftung f\u00fcr InhalteDie Inhalte unserer Seiten wurden mit gr\u00f6\u00dfter Sorgfalt erstellt. F\u00fcr die Richtigkeit, Vollst\u00e4ndigkeit und Aktualit\u00e4t der Inhalte k\u00f6nnen wir jedoch keine Gew\u00e4hr [&hellip;]<\/p>\n","protected":false},"author":1,"featured_media":0,"parent":0,"menu_order":0,"comment_status":"closed","ping_status":"closed","template":"elementor_canvas","meta":{"ocean_post_layout":"","ocean_both_sidebars_style":"","ocean_both_sidebars_content_width":0,"ocean_both_sidebars_sidebars_width":0,"ocean_sidebar":"","ocean_second_sidebar":"","ocean_disable_margins":"enable","ocean_add_body_class":"","ocean_shortcode_before_top_bar":"","ocean_shortcode_after_top_bar":"","ocean_shortcode_before_header":"","ocean_shortcode_after_header":"","ocean_has_shortcode":"","ocean_shortcode_after_title":"","ocean_shortcode_before_footer_widgets":"","ocean_shortcode_after_footer_widgets":"","ocean_shortcode_before_footer_bottom":"","ocean_shortcode_after_footer_bottom":"","ocean_display_top_bar":"off","ocean_display_header":"off","ocean_header_style":"","ocean_center_header_left_menu":"","ocean_custom_header_template":"","ocean_custom_logo":0,"ocean_custom_retina_logo":0,"ocean_custom_logo_max_width":0,"ocean_custom_logo_tablet_max_width":0,"ocean_custom_logo_mobile_max_width":0,"ocean_custom_logo_max_height":0,"ocean_custom_logo_tablet_max_height":0,"ocean_custom_logo_mobile_max_height":0,"ocean_header_custom_menu":"","ocean_menu_typo_font_family":"","ocean_menu_typo_font_subset":"","ocean_menu_typo_font_size":0,"ocean_menu_typo_font_size_tablet":0,"ocean_menu_typo_font_size_mobile":0,"ocean_menu_typo_font_size_unit":"px","ocean_menu_typo_font_weight":"","ocean_menu_typo_font_weight_tablet":"","ocean_menu_typo_font_weight_mobile":"","ocean_menu_typo_transform":"","ocean_menu_typo_transform_tablet":"","ocean_menu_typo_transform_mobile":"","ocean_menu_typo_line_height":0,"ocean_menu_typo_line_height_tablet":0,"ocean_menu_typo_line_height_mobile":0,"ocean_menu_typo_line_height_unit":"","ocean_menu_typo_spacing":0,"ocean_menu_typo_spacing_tablet":0,"ocean_menu_typo_spacing_mobile":0,"ocean_menu_typo_spacing_unit":"","ocean_menu_link_color":"","ocean_menu_link_color_hover":"","ocean_menu_link_color_active":"","ocean_menu_link_background":"","ocean_menu_link_hover_background":"","ocean_menu_link_active_background":"","ocean_menu_social_links_bg":"","ocean_menu_social_hover_links_bg":"","ocean_menu_social_links_color":"","ocean_menu_social_hover_links_color":"","ocean_disable_title":"on","ocean_disable_heading":"default","ocean_post_title":"","ocean_post_subheading":"","ocean_post_title_style":"","ocean_post_title_background_color":"","ocean_post_title_background":0,"ocean_post_title_bg_image_position":"","ocean_post_title_bg_image_attachment":"","ocean_post_title_bg_image_repeat":"","ocean_post_title_bg_image_size":"","ocean_post_title_height":0,"ocean_post_title_bg_overlay":0.5,"ocean_post_title_bg_overlay_color":"","ocean_disable_breadcrumbs":"default","ocean_breadcrumbs_color":"","ocean_breadcrumbs_separator_color":"","ocean_breadcrumbs_links_color":"","ocean_breadcrumbs_links_hover_color":"","ocean_display_footer_widgets":"default","ocean_display_footer_bottom":"default","ocean_custom_footer_template":"","osp_disable_panel":"default","osh_disable_topbar_sticky":"default","osh_disable_header_sticky":"default","osh_sticky_header_style":"default","osh_sticky_header_effect":"","osh_custom_sticky_logo":0,"osh_custom_retina_sticky_logo":0,"osh_custom_sticky_logo_height":0,"osh_background_color":"","osh_links_color":"","osh_links_hover_color":"","osh_links_active_color":"","osh_links_bg_color":"","osh_links_hover_bg_color":"","osh_links_active_bg_color":"","osh_menu_social_links_color":"","osh_menu_social_hover_links_color":"","footnotes":""},"class_list":["post-114","page","type-page","status-publish","hentry","entry"],"_links":{"self":[{"href":"https:\/\/zenshof.info\/index.php\/wp-json\/wp\/v2\/pages\/114","targetHints":{"allow":["GET"]}}],"collection":[{"href":"https:\/\/zenshof.info\/index.php\/wp-json\/wp\/v2\/pages"}],"about":[{"href":"https:\/\/zenshof.info\/index.php\/wp-json\/wp\/v2\/types\/page"}],"author":[{"embeddable":true,"href":"https:\/\/zenshof.info\/index.php\/wp-json\/wp\/v2\/users\/1"}],"replies":[{"embeddable":true,"href":"https:\/\/zenshof.info\/index.php\/wp-json\/wp\/v2\/comments?post=114"}],"version-history":[{"count":10,"href":"https:\/\/zenshof.info\/index.php\/wp-json\/wp\/v2\/pages\/114\/revisions"}],"predecessor-version":[{"id":227,"href":"https:\/\/zenshof.info\/index.php\/wp-json\/wp\/v2\/pages\/114\/revisions\/227"}],"wp:attachment":[{"href":"https:\/\/zenshof.info\/index.php\/wp-json\/wp\/v2\/media?parent=114"}],"curies":[{"name":"wp","href":"https:\/\/api.w.org\/{rel}","templated":true}]}}