{"id":57,"date":"2025-01-27T05:32:08","date_gmt":"2025-01-27T05:32:08","guid":{"rendered":"https:\/\/zenshof.info\/?page_id=57"},"modified":"2025-04-15T11:04:11","modified_gmt":"2025-04-15T11:04:11","slug":"rotfuchs","status":"publish","type":"page","link":"https:\/\/zenshof.info\/index.php\/rotfuchs\/","title":{"rendered":"Rotfuchs"},"content":{"rendered":"\t\t<div data-elementor-type=\"wp-page\" data-elementor-id=\"57\" class=\"elementor elementor-57\" data-elementor-post-type=\"page\">\n\t\t\t\t<div class=\"elementor-element elementor-element-5d2929e e-flex e-con-boxed e-con e-parent\" data-id=\"5d2929e\" data-element_type=\"container\">\n\t\t\t\t\t<div class=\"e-con-inner\">\n\t\t\t\t<div class=\"elementor-element elementor-element-15e126e elementor-widget elementor-widget-image\" data-id=\"15e126e\" data-element_type=\"widget\" data-widget_type=\"image.default\">\n\t\t\t\t<div class=\"elementor-widget-container\">\n\t\t\t\t\t\t\t\t\t\t\t\t\t\t\t<img fetchpriority=\"high\" decoding=\"async\" width=\"1024\" height=\"155\" src=\"https:\/\/zenshof.info\/wp-content\/uploads\/2025\/01\/Unbenannt-1-1024x155.jpg\" class=\"attachment-large size-large wp-image-16\" alt=\"\" srcset=\"https:\/\/zenshof.info\/wp-content\/uploads\/2025\/01\/Unbenannt-1-1024x155.jpg 1024w, https:\/\/zenshof.info\/wp-content\/uploads\/2025\/01\/Unbenannt-1-300x45.jpg 300w, https:\/\/zenshof.info\/wp-content\/uploads\/2025\/01\/Unbenannt-1-768x116.jpg 768w, https:\/\/zenshof.info\/wp-content\/uploads\/2025\/01\/Unbenannt-1-1536x233.jpg 1536w, https:\/\/zenshof.info\/wp-content\/uploads\/2025\/01\/Unbenannt-1-2048x310.jpg 2048w\" sizes=\"(max-width: 1024px) 100vw, 1024px\" \/>\t\t\t\t\t\t\t\t\t\t\t\t\t\t\t<\/div>\n\t\t\t\t<\/div>\n\t\t\t\t\t<\/div>\n\t\t\t\t<\/div>\n\t\t<div class=\"elementor-element elementor-element-c2e8d71 e-flex e-con-boxed e-con e-parent\" data-id=\"c2e8d71\" data-element_type=\"container\">\n\t\t\t\t\t<div class=\"e-con-inner\">\n\t\t\t\t<div class=\"elementor-element elementor-element-a71fef7 elementor-nav-menu__align-center elementor-nav-menu--dropdown-tablet elementor-nav-menu__text-align-aside elementor-nav-menu--toggle elementor-nav-menu--burger elementor-widget elementor-widget-global elementor-global-96 elementor-widget-nav-menu\" data-id=\"a71fef7\" data-element_type=\"widget\" data-settings=\"{&quot;layout&quot;:&quot;horizontal&quot;,&quot;submenu_icon&quot;:{&quot;value&quot;:&quot;fas fa-caret-down&quot;,&quot;library&quot;:&quot;fa-solid&quot;},&quot;toggle&quot;:&quot;burger&quot;}\" data-widget_type=\"nav-menu.default\">\n\t\t\t\t<div class=\"elementor-widget-container\">\n\t\t\t\t\t\t\t\t<nav aria-label=\"Men\u00fc\" class=\"elementor-nav-menu--main elementor-nav-menu__container elementor-nav-menu--layout-horizontal e--pointer-underline e--animation-fade\">\n\t\t\t\t<ul id=\"menu-1-a71fef7\" class=\"elementor-nav-menu\"><li class=\"menu-item menu-item-type-post_type menu-item-object-page menu-item-home menu-item-103 wp-menu-img wp-menu-img-before\"><a href=\"https:\/\/zenshof.info\/\" class=\"elementor-item\"><img loading=\"lazy\" decoding=\"async\" width=\"25\" height=\"25\" src=\"https:\/\/zenshof.info\/wp-content\/uploads\/2025\/01\/Zenshof_Logo-1-150x150.png\" class=\"attachment-25x25 size-25x25\" alt=\"Zenshof_Logo-1.png\" loading=\"lazy\" \/><span>Start<\/span><\/a><\/li>\n<li class=\"menu-item menu-item-type-post_type menu-item-object-page menu-item-121 wp-menu-img wp-menu-img-before\"><a href=\"https:\/\/zenshof.info\/index.php\/zenshof-wiess\/\" class=\"elementor-item\"><img loading=\"lazy\" decoding=\"async\" width=\"25\" height=\"25\" src=\"https:\/\/zenshof.info\/wp-content\/uploads\/2025\/01\/Zenshof-Wiess_logo-150x150.png\" class=\"attachment-25x25 size-25x25\" alt=\"Zenshof-Wiess_logo.png\" loading=\"lazy\" srcset=\"https:\/\/zenshof.info\/wp-content\/uploads\/2025\/01\/Zenshof-Wiess_logo-150x150.png 150w, https:\/\/zenshof.info\/wp-content\/uploads\/2025\/01\/Zenshof-Wiess_logo-600x600.png 600w\" sizes=\"auto, (max-width: 25px) 100vw, 25px\" \/><span>Zenshof Wiess<\/span><\/a><\/li>\n<li class=\"menu-item menu-item-type-post_type menu-item-object-page menu-item-65 wp-menu-img wp-menu-img-before\"><a href=\"https:\/\/zenshof.info\/index.php\/rotfuchs\/\" class=\"elementor-item\"><img loading=\"lazy\" decoding=\"async\" width=\"25\" height=\"25\" src=\"https:\/\/zenshof.info\/wp-content\/uploads\/2025\/01\/RotFUCHS_Menu-150x150.png\" class=\"attachment-25x25 size-25x25\" alt=\"RotFUCHS_Menu.png\" loading=\"lazy\" srcset=\"https:\/\/zenshof.info\/wp-content\/uploads\/2025\/01\/RotFUCHS_Menu-150x150.png 150w, https:\/\/zenshof.info\/wp-content\/uploads\/2025\/01\/RotFUCHS_Menu-300x285.png 300w, https:\/\/zenshof.info\/wp-content\/uploads\/2025\/01\/RotFUCHS_Menu-1024x971.png 1024w, https:\/\/zenshof.info\/wp-content\/uploads\/2025\/01\/RotFUCHS_Menu-768x729.png 768w, https:\/\/zenshof.info\/wp-content\/uploads\/2025\/01\/RotFUCHS_Menu-600x600.png 600w, https:\/\/zenshof.info\/wp-content\/uploads\/2025\/01\/RotFUCHS_Menu.png 1423w\" sizes=\"auto, (max-width: 25px) 100vw, 25px\" \/><span>Zenshof Rotfuchs<\/span><\/a><\/li>\n<li class=\"menu-item menu-item-type-post_type menu-item-object-page menu-item-119 wp-menu-img wp-menu-img-before\"><a href=\"https:\/\/zenshof.info\/index.php\/kontakt\/\" class=\"elementor-item\"><img loading=\"lazy\" decoding=\"async\" width=\"25\" height=\"25\" src=\"https:\/\/zenshof.info\/wp-content\/uploads\/2025\/01\/Kontakt-150x150.png\" class=\"attachment-25x25 size-25x25\" alt=\"Kontakt.png\" loading=\"lazy\" srcset=\"https:\/\/zenshof.info\/wp-content\/uploads\/2025\/01\/Kontakt-150x150.png 150w, https:\/\/zenshof.info\/wp-content\/uploads\/2025\/01\/Kontakt-600x600.png 600w\" sizes=\"auto, (max-width: 25px) 100vw, 25px\" \/><span>Kontakt<\/span><\/a><\/li>\n<li class=\"menu-item menu-item-type-post_type menu-item-object-page menu-item-118 wp-menu-img wp-menu-img-before\"><a href=\"https:\/\/zenshof.info\/index.php\/impressum\/\" class=\"elementor-item\">Impressum<\/a><\/li>\n<\/ul>\t\t\t<\/nav>\n\t\t\t\t\t<div class=\"elementor-menu-toggle\" role=\"button\" tabindex=\"0\" aria-label=\"Menu Toggle\" aria-expanded=\"false\">\n\t\t\t<svg aria-hidden=\"true\" role=\"presentation\" class=\"elementor-menu-toggle__icon--open e-font-icon-svg e-eicon-menu-bar\" viewBox=\"0 0 1000 1000\" xmlns=\"http:\/\/www.w3.org\/2000\/svg\"><path d=\"M104 333H896C929 333 958 304 958 271S929 208 896 208H104C71 208 42 237 42 271S71 333 104 333ZM104 583H896C929 583 958 554 958 521S929 458 896 458H104C71 458 42 487 42 521S71 583 104 583ZM104 833H896C929 833 958 804 958 771S929 708 896 708H104C71 708 42 737 42 771S71 833 104 833Z\"><\/path><\/svg><svg aria-hidden=\"true\" role=\"presentation\" class=\"elementor-menu-toggle__icon--close e-font-icon-svg e-eicon-close\" viewBox=\"0 0 1000 1000\" xmlns=\"http:\/\/www.w3.org\/2000\/svg\"><path d=\"M742 167L500 408 258 167C246 154 233 150 217 150 196 150 179 158 167 167 154 179 150 196 150 212 150 229 154 242 171 254L408 500 167 742C138 771 138 800 167 829 196 858 225 858 254 829L496 587 738 829C750 842 767 846 783 846 800 846 817 842 829 829 842 817 846 804 846 783 846 767 842 750 829 737L588 500 833 258C863 229 863 200 833 171 804 137 775 137 742 167Z\"><\/path><\/svg>\t\t<\/div>\n\t\t\t\t\t<nav class=\"elementor-nav-menu--dropdown elementor-nav-menu__container\" aria-hidden=\"true\">\n\t\t\t\t<ul id=\"menu-2-a71fef7\" class=\"elementor-nav-menu\"><li class=\"menu-item menu-item-type-post_type menu-item-object-page menu-item-home menu-item-103 wp-menu-img wp-menu-img-before\"><a href=\"https:\/\/zenshof.info\/\" class=\"elementor-item\" tabindex=\"-1\"><img loading=\"lazy\" decoding=\"async\" width=\"25\" height=\"25\" src=\"https:\/\/zenshof.info\/wp-content\/uploads\/2025\/01\/Zenshof_Logo-1-150x150.png\" class=\"attachment-25x25 size-25x25\" alt=\"Zenshof_Logo-1.png\" loading=\"lazy\" \/><span>Start<\/span><\/a><\/li>\n<li class=\"menu-item menu-item-type-post_type menu-item-object-page menu-item-121 wp-menu-img wp-menu-img-before\"><a href=\"https:\/\/zenshof.info\/index.php\/zenshof-wiess\/\" class=\"elementor-item\" tabindex=\"-1\"><img loading=\"lazy\" decoding=\"async\" width=\"25\" height=\"25\" src=\"https:\/\/zenshof.info\/wp-content\/uploads\/2025\/01\/Zenshof-Wiess_logo-150x150.png\" class=\"attachment-25x25 size-25x25\" alt=\"Zenshof-Wiess_logo.png\" loading=\"lazy\" srcset=\"https:\/\/zenshof.info\/wp-content\/uploads\/2025\/01\/Zenshof-Wiess_logo-150x150.png 150w, https:\/\/zenshof.info\/wp-content\/uploads\/2025\/01\/Zenshof-Wiess_logo-600x600.png 600w\" sizes=\"auto, (max-width: 25px) 100vw, 25px\" \/><span>Zenshof Wiess<\/span><\/a><\/li>\n<li class=\"menu-item menu-item-type-post_type menu-item-object-page menu-item-65 wp-menu-img wp-menu-img-before\"><a href=\"https:\/\/zenshof.info\/index.php\/rotfuchs\/\" class=\"elementor-item\" tabindex=\"-1\"><img loading=\"lazy\" decoding=\"async\" width=\"25\" height=\"25\" src=\"https:\/\/zenshof.info\/wp-content\/uploads\/2025\/01\/RotFUCHS_Menu-150x150.png\" class=\"attachment-25x25 size-25x25\" alt=\"RotFUCHS_Menu.png\" loading=\"lazy\" srcset=\"https:\/\/zenshof.info\/wp-content\/uploads\/2025\/01\/RotFUCHS_Menu-150x150.png 150w, https:\/\/zenshof.info\/wp-content\/uploads\/2025\/01\/RotFUCHS_Menu-300x285.png 300w, https:\/\/zenshof.info\/wp-content\/uploads\/2025\/01\/RotFUCHS_Menu-1024x971.png 1024w, https:\/\/zenshof.info\/wp-content\/uploads\/2025\/01\/RotFUCHS_Menu-768x729.png 768w, https:\/\/zenshof.info\/wp-content\/uploads\/2025\/01\/RotFUCHS_Menu-600x600.png 600w, https:\/\/zenshof.info\/wp-content\/uploads\/2025\/01\/RotFUCHS_Menu.png 1423w\" sizes=\"auto, (max-width: 25px) 100vw, 25px\" \/><span>Zenshof Rotfuchs<\/span><\/a><\/li>\n<li class=\"menu-item menu-item-type-post_type menu-item-object-page menu-item-119 wp-menu-img wp-menu-img-before\"><a href=\"https:\/\/zenshof.info\/index.php\/kontakt\/\" class=\"elementor-item\" tabindex=\"-1\"><img loading=\"lazy\" decoding=\"async\" width=\"25\" height=\"25\" src=\"https:\/\/zenshof.info\/wp-content\/uploads\/2025\/01\/Kontakt-150x150.png\" class=\"attachment-25x25 size-25x25\" alt=\"Kontakt.png\" loading=\"lazy\" srcset=\"https:\/\/zenshof.info\/wp-content\/uploads\/2025\/01\/Kontakt-150x150.png 150w, https:\/\/zenshof.info\/wp-content\/uploads\/2025\/01\/Kontakt-600x600.png 600w\" sizes=\"auto, (max-width: 25px) 100vw, 25px\" \/><span>Kontakt<\/span><\/a><\/li>\n<li class=\"menu-item menu-item-type-post_type menu-item-object-page menu-item-118 wp-menu-img wp-menu-img-before\"><a href=\"https:\/\/zenshof.info\/index.php\/impressum\/\" class=\"elementor-item\" tabindex=\"-1\">Impressum<\/a><\/li>\n<\/ul>\t\t\t<\/nav>\n\t\t\t\t\t\t<\/div>\n\t\t\t\t<\/div>\n\t\t\t\t\t<\/div>\n\t\t\t\t<\/div>\n\t\t<div class=\"elementor-element elementor-element-b4cc5a3 e-flex e-con-boxed e-con e-parent\" data-id=\"b4cc5a3\" data-element_type=\"container\">\n\t\t\t\t\t<div class=\"e-con-inner\">\n\t\t\t\t<div class=\"elementor-element elementor-element-6d0ea32 elementor-hidden-tablet elementor-hidden-mobile elementor-widget elementor-widget-image\" data-id=\"6d0ea32\" data-element_type=\"widget\" data-widget_type=\"image.default\">\n\t\t\t\t<div class=\"elementor-widget-container\">\n\t\t\t\t\t\t\t\t\t\t\t\t\t\t\t<img decoding=\"async\" width=\"765\" height=\"1024\" src=\"https:\/\/zenshof.info\/wp-content\/uploads\/2025\/04\/RotFuch2025-1-765x1024.png\" class=\"attachment-large size-large wp-image-288\" alt=\"\" srcset=\"https:\/\/zenshof.info\/wp-content\/uploads\/2025\/04\/RotFuch2025-1-765x1024.png 765w, https:\/\/zenshof.info\/wp-content\/uploads\/2025\/04\/RotFuch2025-1-224x300.png 224w, https:\/\/zenshof.info\/wp-content\/uploads\/2025\/04\/RotFuch2025-1-768x1029.png 768w, https:\/\/zenshof.info\/wp-content\/uploads\/2025\/04\/RotFuch2025-1-1147x1536.png 1147w, https:\/\/zenshof.info\/wp-content\/uploads\/2025\/04\/RotFuch2025-1-1529x2048.png 1529w\" sizes=\"(max-width: 765px) 100vw, 765px\" \/>\t\t\t\t\t\t\t\t\t\t\t\t\t\t\t<\/div>\n\t\t\t\t<\/div>\n\t\t\t\t<div class=\"elementor-element elementor-element-2d24b0a elementor-hidden-tablet elementor-hidden-mobile elementor-widget elementor-widget-text-editor\" data-id=\"2d24b0a\" data-element_type=\"widget\" data-widget_type=\"text-editor.default\">\n\t\t\t\t<div class=\"elementor-widget-container\">\n\t\t\t\t\t\t\t\t\t<p>Der <strong>Zenshof Rotfuchs<\/strong> ist ein charaktervolles, naturbelassenes Bier, das mit gro\u00dfer Hingabe und nach den strengen Vorgaben des deutschen Reinheitsgebots von 1516 gebraut wird. Dieses unfiltrierte Bier \u00fcberzeugt mit einer tiefen Bernsteinfarbe und einem vollmundigen Geschmack, der Tradition und handwerkliche Perfektion miteinander vereint.<\/p><h3><strong>Inhaltsstoffe:<\/strong><\/h3><ol><li><p><strong>Wasser<\/strong>: Frisches, mineralstoffreiches Quellwasser aus der Region bildet die Grundlage dieses Bieres. Es sorgt f\u00fcr die ideale Balance und unterst\u00fctzt die Entfaltung der reichhaltigen Aromen.<\/p><\/li><li><p><strong>Gerstenmalz<\/strong>: F\u00fcr den Rotfuchs werden ausgew\u00e4hlte Gerstensorten verwendet, darunter auch dunklere Malze, die dem Bier seine warme, r\u00f6tlich-bernsteinfarbene T\u00f6nung und die leicht karamellige Note verleihen. Das Malz sorgt zudem f\u00fcr eine angenehme S\u00fc\u00dfe und eine harmonische Vollmundigkeit.<\/p><\/li><li><p><strong>Hopfen<\/strong>: Aromatischer Hopfen\u00a0 verleiht dem Zenshof Rotfuchs eine feine Bittere und eine dezente W\u00fcrze. Der Hopfen unterst\u00fctzt die Balance zwischen Malzs\u00fc\u00dfe und der erfrischenden Leichtigkeit des Bieres.<\/p><\/li><li><p><strong>Hefe<\/strong>: Die sorgf\u00e4ltig ausgew\u00e4hlte Brauhefe sorgt f\u00fcr die nat\u00fcrliche Tr\u00fcbung und spielt eine Schl\u00fcsselrolle im G\u00e4rprozess. Sie gibt dem Rotfuchs seine unverwechselbaren fruchtigen und leicht w\u00fcrzigen Aromen und sorgt f\u00fcr ein angenehm cremiges Mundgef\u00fchl.<\/p><\/li><\/ol><h3>\u00a0<\/h3><h3><strong>Geschmack &amp; Charakter:<\/strong><\/h3><p>Der Zenshof Rotfuchs begeistert mit einem runden, vollmundigen K\u00f6rper, der von einem harmonischen Zusammenspiel aus malziger S\u00fc\u00dfe und dezenter Hopfenbittere gepr\u00e4gt ist. Die Karamellnoten des Malzes sorgen f\u00fcr eine sanfte, leicht nussige Basis, w\u00e4hrend die nat\u00fcrliche Kohlens\u00e4ure und die Hefearomen dem Bier Frische und Lebendigkeit verleihen. Der Abgang ist weich, mit einem Hauch von W\u00fcrze und einer angenehmen W\u00e4rme.<\/p><h3><strong>Genussempfehlung:<\/strong><\/h3><p>Der Zenshof Rotfuchs ist die perfekte Wahl f\u00fcr gesellige Abende oder genussvolle Momente. Er passt hervorragend zu deftigem Essen wie Braten, Grillgerichten oder rustikalen Brotzeiten, harmoniert aber ebenso mit milden K\u00e4sesorten und nussigen Desserts. Servieren Sie ihn leicht gek\u00fchlt, damit sich die Aromen optimal entfalten k\u00f6nnen.<\/p><h3><strong>Tradition &amp; Qualit\u00e4t:<\/strong><\/h3><p>Der Zenshof Rotfuchs wird unfiltriert und naturbelassen abgef\u00fcllt, wodurch alle wertvollen Inhaltsstoffe und Aromen erhalten bleiben. Jede Flasche ist ein Zeugnis handwerklicher Braukunst und spiegelt die Liebe zur Tradition wider. Der Rotfuchs steht f\u00fcr ehrliches Bier, wie es fr\u00fcher war \u2013 urspr\u00fcnglich, kr\u00e4ftig und authentisch.<\/p><p>Entdecken Sie mit dem Zenshof Rotfuchs ein Bier, das die Sinne belebt und jeden Schluck zu einem besonderen Erlebnis macht.<\/p>\t\t\t\t\t\t\t\t<\/div>\n\t\t\t\t<\/div>\n\t\t\t\t<div class=\"elementor-element elementor-element-c9cd67f elementor-hidden-desktop elementor-widget elementor-widget-image\" data-id=\"c9cd67f\" data-element_type=\"widget\" data-widget_type=\"image.default\">\n\t\t\t\t<div class=\"elementor-widget-container\">\n\t\t\t\t\t\t\t\t\t\t\t\t\t\t\t<img decoding=\"async\" width=\"757\" height=\"758\" src=\"https:\/\/zenshof.info\/wp-content\/uploads\/2025\/01\/RotFUCHS_Menu_logo.png\" class=\"attachment-large size-large wp-image-83\" alt=\"\" srcset=\"https:\/\/zenshof.info\/wp-content\/uploads\/2025\/01\/RotFUCHS_Menu_logo.png 757w, https:\/\/zenshof.info\/wp-content\/uploads\/2025\/01\/RotFUCHS_Menu_logo-300x300.png 300w, https:\/\/zenshof.info\/wp-content\/uploads\/2025\/01\/RotFUCHS_Menu_logo-150x150.png 150w, https:\/\/zenshof.info\/wp-content\/uploads\/2025\/01\/RotFUCHS_Menu_logo-600x600.png 600w\" sizes=\"(max-width: 757px) 100vw, 757px\" \/>\t\t\t\t\t\t\t\t\t\t\t\t\t\t\t<\/div>\n\t\t\t\t<\/div>\n\t\t\t\t\t<\/div>\n\t\t\t\t<\/div>\n\t\t<div class=\"elementor-element elementor-element-c5d4d07 e-flex e-con-boxed e-con e-parent\" data-id=\"c5d4d07\" data-element_type=\"container\">\n\t\t\t\t\t<div class=\"e-con-inner\">\n\t\t\t\t<div class=\"elementor-element elementor-element-ad3a685 elementor-hidden-desktop elementor-widget elementor-widget-text-editor\" data-id=\"ad3a685\" data-element_type=\"widget\" data-widget_type=\"text-editor.default\">\n\t\t\t\t<div class=\"elementor-widget-container\">\n\t\t\t\t\t\t\t\t\t<p>Der <strong>Zenshof Rotfuchs<\/strong> ist ein charaktervolles, naturbelassenes Bier, das mit gro\u00dfer Hingabe und nach den strengen Vorgaben des deutschen Reinheitsgebots von 1516 gebraut wird. Dieses unfiltrierte Bier \u00fcberzeugt mit einer tiefen Bernsteinfarbe und einem vollmundigen Geschmack, der Tradition und handwerkliche Perfektion miteinander vereint.<\/p><h3><strong>Inhaltsstoffe:<\/strong><\/h3><ol><li><p><strong>Wasser<\/strong>: Frisches, mineralstoffreiches Quellwasser aus der Region bildet die Grundlage dieses Bieres. Es sorgt f\u00fcr die ideale Balance und unterst\u00fctzt die Entfaltung der reichhaltigen Aromen.<\/p><\/li><li><p><strong>Gerstenmalz<\/strong>: F\u00fcr den Rotfuchs werden ausgew\u00e4hlte Gerstensorten verwendet, darunter auch dunklere Malze, die dem Bier seine warme, r\u00f6tlich-bernsteinfarbene T\u00f6nung und die leicht karamellige Note verleihen. Das Malz sorgt zudem f\u00fcr eine angenehme S\u00fc\u00dfe und eine harmonische Vollmundigkeit.<\/p><\/li><li><p><strong>Hopfen<\/strong>: Aromatischer Hopfen aus verleiht dem Zenshof Rotfuchs eine feine Bittere und eine dezente W\u00fcrze. Der Hopfen unterst\u00fctzt die Balance zwischen Malzs\u00fc\u00dfe und der erfrischenden Leichtigkeit des Bieres.<\/p><\/li><li><p><strong>Hefe<\/strong>: Die sorgf\u00e4ltig ausgew\u00e4hlte Brauhefe sorgt f\u00fcr die nat\u00fcrliche Tr\u00fcbung und spielt eine Schl\u00fcsselrolle im G\u00e4rprozess. Sie gibt dem Rotfuchs seine unverwechselbaren fruchtigen und leicht w\u00fcrzigen Aromen und sorgt f\u00fcr ein angenehm cremiges Mundgef\u00fchl.<\/p><\/li><\/ol><h3><strong>Geschmack &amp; Charakter:<\/strong><\/h3><p>Der Zenshof Rotfuchs begeistert mit einem runden, vollmundigen K\u00f6rper, der von einem harmonischen Zusammenspiel aus malziger S\u00fc\u00dfe und dezenter Hopfenbittere gepr\u00e4gt ist. Die Karamellnoten des Malzes sorgen f\u00fcr eine sanfte, leicht nussige Basis, w\u00e4hrend die nat\u00fcrliche Kohlens\u00e4ure und die Hefearomen dem Bier Frische und Lebendigkeit verleihen. Der Abgang ist weich, mit einem Hauch von W\u00fcrze und einer angenehmen W\u00e4rme.<\/p><h3><strong>Genussempfehlung:<\/strong><\/h3><p>Der Zenshof Rotfuchs ist die perfekte Wahl f\u00fcr gesellige Abende oder genussvolle Momente. Er passt hervorragend zu deftigem Essen wie Braten, Grillgerichten oder rustikalen Brotzeiten, harmoniert aber ebenso mit milden K\u00e4sesorten und nussigen Desserts. Servieren Sie ihn leicht gek\u00fchlt, damit sich die Aromen optimal entfalten k\u00f6nnen.<\/p><h3><strong>Tradition &amp; Qualit\u00e4t:<\/strong><\/h3><p>Der Zenshof Rotfuchs wird unfiltriert und naturbelassen abgef\u00fcllt, wodurch alle wertvollen Inhaltsstoffe und Aromen erhalten bleiben. Jede Flasche ist ein Zeugnis handwerklicher Braukunst und spiegelt die Liebe zur Tradition wider. Der Rotfuchs steht f\u00fcr ehrliches Bier, wie es fr\u00fcher war \u2013 urspr\u00fcnglich, kr\u00e4ftig und authentisch.<\/p><p>Entdecken Sie mit dem Zenshof Rotfuchs ein Bier, das die Sinne belebt und jeden Schluck zu einem besonderen Erlebnis macht.<\/p>\t\t\t\t\t\t\t\t<\/div>\n\t\t\t\t<\/div>\n\t\t\t\t\t<\/div>\n\t\t\t\t<\/div>\n\t\t\t\t<\/div>\n\t\t","protected":false},"excerpt":{"rendered":"<p>Der Zenshof Rotfuchs ist ein charaktervolles, naturbelassenes Bier, das mit gro\u00dfer Hingabe und nach den strengen Vorgaben des deutschen Reinheitsgebots von 1516 gebraut wird. Dieses unfiltrierte Bier \u00fcberzeugt mit einer tiefen Bernsteinfarbe und einem vollmundigen Geschmack, der Tradition und handwerkliche Perfektion miteinander vereint. Inhaltsstoffe: Wasser: Frisches, mineralstoffreiches Quellwasser aus der Region bildet die Grundlage dieses [&hellip;]<\/p>\n","protected":false},"author":1,"featured_media":0,"parent":0,"menu_order":0,"comment_status":"closed","ping_status":"closed","template":"elementor_canvas","meta":{"ocean_post_layout":"","ocean_both_sidebars_style":"","ocean_both_sidebars_content_width":0,"ocean_both_sidebars_sidebars_width":0,"ocean_sidebar":"","ocean_second_sidebar":"","ocean_disable_margins":"enable","ocean_add_body_class":"","ocean_shortcode_before_top_bar":"","ocean_shortcode_after_top_bar":"","ocean_shortcode_before_header":"","ocean_shortcode_after_header":"","ocean_has_shortcode":"","ocean_shortcode_after_title":"","ocean_shortcode_before_footer_widgets":"","ocean_shortcode_after_footer_widgets":"","ocean_shortcode_before_footer_bottom":"","ocean_shortcode_after_footer_bottom":"","ocean_display_top_bar":"off","ocean_display_header":"off","ocean_header_style":"","ocean_center_header_left_menu":"","ocean_custom_header_template":"","ocean_custom_logo":0,"ocean_custom_retina_logo":0,"ocean_custom_logo_max_width":0,"ocean_custom_logo_tablet_max_width":0,"ocean_custom_logo_mobile_max_width":0,"ocean_custom_logo_max_height":0,"ocean_custom_logo_tablet_max_height":0,"ocean_custom_logo_mobile_max_height":0,"ocean_header_custom_menu":"","ocean_menu_typo_font_family":"","ocean_menu_typo_font_subset":"","ocean_menu_typo_font_size":0,"ocean_menu_typo_font_size_tablet":0,"ocean_menu_typo_font_size_mobile":0,"ocean_menu_typo_font_size_unit":"px","ocean_menu_typo_font_weight":"","ocean_menu_typo_font_weight_tablet":"","ocean_menu_typo_font_weight_mobile":"","ocean_menu_typo_transform":"","ocean_menu_typo_transform_tablet":"","ocean_menu_typo_transform_mobile":"","ocean_menu_typo_line_height":0,"ocean_menu_typo_line_height_tablet":0,"ocean_menu_typo_line_height_mobile":0,"ocean_menu_typo_line_height_unit":"","ocean_menu_typo_spacing":0,"ocean_menu_typo_spacing_tablet":0,"ocean_menu_typo_spacing_mobile":0,"ocean_menu_typo_spacing_unit":"","ocean_menu_link_color":"","ocean_menu_link_color_hover":"","ocean_menu_link_color_active":"","ocean_menu_link_background":"","ocean_menu_link_hover_background":"","ocean_menu_link_active_background":"","ocean_menu_social_links_bg":"","ocean_menu_social_hover_links_bg":"","ocean_menu_social_links_color":"","ocean_menu_social_hover_links_color":"","ocean_disable_title":"on","ocean_disable_heading":"default","ocean_post_title":"","ocean_post_subheading":"","ocean_post_title_style":"","ocean_post_title_background_color":"","ocean_post_title_background":0,"ocean_post_title_bg_image_position":"","ocean_post_title_bg_image_attachment":"","ocean_post_title_bg_image_repeat":"","ocean_post_title_bg_image_size":"","ocean_post_title_height":0,"ocean_post_title_bg_overlay":0.5,"ocean_post_title_bg_overlay_color":"","ocean_disable_breadcrumbs":"default","ocean_breadcrumbs_color":"","ocean_breadcrumbs_separator_color":"","ocean_breadcrumbs_links_color":"","ocean_breadcrumbs_links_hover_color":"","ocean_display_footer_widgets":"default","ocean_display_footer_bottom":"default","ocean_custom_footer_template":"","osp_disable_panel":"default","osh_disable_topbar_sticky":"default","osh_disable_header_sticky":"default","osh_sticky_header_style":"default","osh_sticky_header_effect":"","osh_custom_sticky_logo":0,"osh_custom_retina_sticky_logo":0,"osh_custom_sticky_logo_height":0,"osh_background_color":"","osh_links_color":"","osh_links_hover_color":"","osh_links_active_color":"","osh_links_bg_color":"","osh_links_hover_bg_color":"","osh_links_active_bg_color":"","osh_menu_social_links_color":"","osh_menu_social_hover_links_color":"","footnotes":""},"class_list":["post-57","page","type-page","status-publish","hentry","entry"],"_links":{"self":[{"href":"https:\/\/zenshof.info\/index.php\/wp-json\/wp\/v2\/pages\/57","targetHints":{"allow":["GET"]}}],"collection":[{"href":"https:\/\/zenshof.info\/index.php\/wp-json\/wp\/v2\/pages"}],"about":[{"href":"https:\/\/zenshof.info\/index.php\/wp-json\/wp\/v2\/types\/page"}],"author":[{"embeddable":true,"href":"https:\/\/zenshof.info\/index.php\/wp-json\/wp\/v2\/users\/1"}],"replies":[{"embeddable":true,"href":"https:\/\/zenshof.info\/index.php\/wp-json\/wp\/v2\/comments?post=57"}],"version-history":[{"count":43,"href":"https:\/\/zenshof.info\/index.php\/wp-json\/wp\/v2\/pages\/57\/revisions"}],"predecessor-version":[{"id":291,"href":"https:\/\/zenshof.info\/index.php\/wp-json\/wp\/v2\/pages\/57\/revisions\/291"}],"wp:attachment":[{"href":"https:\/\/zenshof.info\/index.php\/wp-json\/wp\/v2\/media?parent=57"}],"curies":[{"name":"wp","href":"https:\/\/api.w.org\/{rel}","templated":true}]}}